{"id":21012,"date":"2024-01-22T23:03:15","date_gmt":"2024-01-22T22:03:15","guid":{"rendered":"https:\/\/domainedugrandbatailler.fr\/produit\/vin-rose-domaine-du-batailler\/"},"modified":"2024-05-29T19:10:21","modified_gmt":"2024-05-29T17:10:21","slug":"vin-rose-domaine-du-batailler","status":"publish","type":"product","link":"https:\/\/domainedugrandbatailler.fr\/en\/produit\/vin-rose-domaine-du-batailler\/","title":{"rendered":"Domaine du grand Batailler &#8211; Ros\u00e9 wine"},"content":{"rendered":"","protected":false},"excerpt":{"rendered":"<p class=\"p2\">A terroir ros\u00e9, pure and fine, this cuv\u00e9e reveals freshness and lightness. An evocative pale pink color. Its purity and freshness combine with delicate and light aromas enhanced by a lovely tension. This light and refreshing ros\u00e9 is perfect for accompanying summer salads, grilled fish dishes, or sushi. Its freshness and aromas also make it an excellent choice for an aperitif.<\/p>\n","protected":false},"featured_media":25632,"comment_status":"open","ping_status":"closed","template":"","meta":[],"product_brand":[],"product_cat":[123],"product_tag":[],"class_list":{"0":"post-21012","1":"product","2":"type-product","3":"status-publish","4":"has-post-thumbnail","6":"product_cat-rose-wine","8":"first","9":"instock","10":"shipping-taxable","11":"purchasable","12":"product-type-simple"},"yoast_head":"<!-- This site is optimized with the Yoast SEO plugin v26.2 - https:\/\/yoast.com\/wordpress\/plugins\/seo\/ -->\n<title>Domaine du grand Batailler - Ros\u00e9 wine - Domaine du grand batailler<\/title>\n<meta name=\"robots\" content=\"index, follow, max-snippet:-1, max-image-preview:large, max-video-preview:-1\" \/>\n<link rel=\"canonical\" href=\"https:\/\/domainedugrandbatailler.fr\/en\/produit\/vin-rose-domaine-du-batailler\/\" \/>\n<meta property=\"og:locale\" content=\"en_US\" \/>\n<meta property=\"og:type\" content=\"article\" \/>\n<meta property=\"og:title\" content=\"Domaine du grand Batailler - Ros\u00e9 wine - Domaine du grand batailler\" \/>\n<meta property=\"og:description\" content=\"A terroir ros\u00e9, pure and fine, this cuv\u00e9e reveals freshness and lightness. An evocative pale pink color. Its purity and freshness combine with delicate and light aromas enhanced by a lovely tension. This light and refreshing ros\u00e9 is perfect for accompanying summer salads, grilled fish dishes, or sushi. Its freshness and aromas also make it an excellent choice for an aperitif.\" \/>\n<meta property=\"og:url\" content=\"https:\/\/domainedugrandbatailler.fr\/en\/produit\/vin-rose-domaine-du-batailler\/\" \/>\n<meta property=\"og:site_name\" content=\"Domaine du grand batailler\" \/>\n<meta property=\"article:modified_time\" content=\"2024-05-29T17:10:21+00:00\" \/>\n<meta property=\"og:image\" content=\"https:\/\/domainedugrandbatailler.fr\/wp-content\/uploads\/2024\/05\/Domaine-du-batailler-bouteille-vin-rose-003-copie.webp\" \/>\n\t<meta property=\"og:image:width\" content=\"1200\" \/>\n\t<meta property=\"og:image:height\" content=\"1800\" \/>\n\t<meta property=\"og:image:type\" content=\"image\/webp\" \/>\n<meta name=\"twitter:card\" content=\"summary_large_image\" \/>\n<script type=\"application\/ld+json\" class=\"yoast-schema-graph\">{\"@context\":\"https:\/\/schema.org\",\"@graph\":[{\"@type\":\"WebPage\",\"@id\":\"https:\/\/domainedugrandbatailler.fr\/en\/produit\/vin-rose-domaine-du-batailler\/\",\"url\":\"https:\/\/domainedugrandbatailler.fr\/en\/produit\/vin-rose-domaine-du-batailler\/\",\"name\":\"Domaine du grand Batailler - Ros\u00e9 wine - Domaine du grand batailler\",\"isPartOf\":{\"@id\":\"https:\/\/domainedugrandbatailler.fr\/en\/#website\"},\"primaryImageOfPage\":{\"@id\":\"https:\/\/domainedugrandbatailler.fr\/en\/produit\/vin-rose-domaine-du-batailler\/#primaryimage\"},\"image\":{\"@id\":\"https:\/\/domainedugrandbatailler.fr\/en\/produit\/vin-rose-domaine-du-batailler\/#primaryimage\"},\"thumbnailUrl\":\"https:\/\/domainedugrandbatailler.fr\/wp-content\/uploads\/2024\/05\/Domaine-du-batailler-bouteille-vin-rose-003-copie.webp\",\"datePublished\":\"2024-01-22T22:03:15+00:00\",\"dateModified\":\"2024-05-29T17:10:21+00:00\",\"breadcrumb\":{\"@id\":\"https:\/\/domainedugrandbatailler.fr\/en\/produit\/vin-rose-domaine-du-batailler\/#breadcrumb\"},\"inLanguage\":\"en-US\",\"potentialAction\":[{\"@type\":\"ReadAction\",\"target\":[\"https:\/\/domainedugrandbatailler.fr\/en\/produit\/vin-rose-domaine-du-batailler\/\"]}]},{\"@type\":\"ImageObject\",\"inLanguage\":\"en-US\",\"@id\":\"https:\/\/domainedugrandbatailler.fr\/en\/produit\/vin-rose-domaine-du-batailler\/#primaryimage\",\"url\":\"https:\/\/domainedugrandbatailler.fr\/wp-content\/uploads\/2024\/05\/Domaine-du-batailler-bouteille-vin-rose-003-copie.webp\",\"contentUrl\":\"https:\/\/domainedugrandbatailler.fr\/wp-content\/uploads\/2024\/05\/Domaine-du-batailler-bouteille-vin-rose-003-copie.webp\",\"width\":1200,\"height\":1800},{\"@type\":\"BreadcrumbList\",\"@id\":\"https:\/\/domainedugrandbatailler.fr\/en\/produit\/vin-rose-domaine-du-batailler\/#breadcrumb\",\"itemListElement\":[{\"@type\":\"ListItem\",\"position\":1,\"name\":\"Accueil\",\"item\":\"https:\/\/domainedugrandbatailler.fr\/en\/\"},{\"@type\":\"ListItem\",\"position\":2,\"name\":\"Shop\",\"item\":\"https:\/\/domainedugrandbatailler.fr\/en\/shop\/\"},{\"@type\":\"ListItem\",\"position\":3,\"name\":\"Domaine du grand Batailler &#8211; Ros\u00e9 wine\"}]},{\"@type\":\"WebSite\",\"@id\":\"https:\/\/domainedugrandbatailler.fr\/en\/#website\",\"url\":\"https:\/\/domainedugrandbatailler.fr\/en\/\",\"name\":\"Domaine du grand batailler\",\"description\":\"Domaine viticole familiale Borm\u00e9en\",\"publisher\":{\"@id\":\"https:\/\/domainedugrandbatailler.fr\/en\/#organization\"},\"potentialAction\":[{\"@type\":\"SearchAction\",\"target\":{\"@type\":\"EntryPoint\",\"urlTemplate\":\"https:\/\/domainedugrandbatailler.fr\/en\/?s={search_term_string}\"},\"query-input\":{\"@type\":\"PropertyValueSpecification\",\"valueRequired\":true,\"valueName\":\"search_term_string\"}}],\"inLanguage\":\"en-US\"},{\"@type\":\"Organization\",\"@id\":\"https:\/\/domainedugrandbatailler.fr\/en\/#organization\",\"name\":\"Domaine du grand batailler\",\"url\":\"https:\/\/domainedugrandbatailler.fr\/en\/\",\"logo\":{\"@type\":\"ImageObject\",\"inLanguage\":\"en-US\",\"@id\":\"https:\/\/domainedugrandbatailler.fr\/en\/#\/schema\/logo\/image\/\",\"url\":\"https:\/\/domainedugrandbatailler.fr\/wp-content\/uploads\/2021\/10\/Domaine-Grand-Batailler-logo-003-svg.svg\",\"contentUrl\":\"https:\/\/domainedugrandbatailler.fr\/wp-content\/uploads\/2021\/10\/Domaine-Grand-Batailler-logo-003-svg.svg\",\"caption\":\"Domaine du grand batailler\"},\"image\":{\"@id\":\"https:\/\/domainedugrandbatailler.fr\/en\/#\/schema\/logo\/image\/\"}}]}<\/script>\n<!-- \/ Yoast SEO plugin. -->","yoast_head_json":{"title":"Domaine du grand Batailler - Ros\u00e9 wine - Domaine du grand batailler","robots":{"index":"index","follow":"follow","max-snippet":"max-snippet:-1","max-image-preview":"max-image-preview:large","max-video-preview":"max-video-preview:-1"},"canonical":"https:\/\/domainedugrandbatailler.fr\/en\/produit\/vin-rose-domaine-du-batailler\/","og_locale":"en_US","og_type":"article","og_title":"Domaine du grand Batailler - Ros\u00e9 wine - Domaine du grand batailler","og_description":"A terroir ros\u00e9, pure and fine, this cuv\u00e9e reveals freshness and lightness. An evocative pale pink color. Its purity and freshness combine with delicate and light aromas enhanced by a lovely tension. This light and refreshing ros\u00e9 is perfect for accompanying summer salads, grilled fish dishes, or sushi. Its freshness and aromas also make it an excellent choice for an aperitif.","og_url":"https:\/\/domainedugrandbatailler.fr\/en\/produit\/vin-rose-domaine-du-batailler\/","og_site_name":"Domaine du grand batailler","article_modified_time":"2024-05-29T17:10:21+00:00","og_image":[{"width":1200,"height":1800,"url":"https:\/\/domainedugrandbatailler.fr\/wp-content\/uploads\/2024\/05\/Domaine-du-batailler-bouteille-vin-rose-003-copie.webp","type":"image\/webp"}],"twitter_card":"summary_large_image","schema":{"@context":"https:\/\/schema.org","@graph":[{"@type":"WebPage","@id":"https:\/\/domainedugrandbatailler.fr\/en\/produit\/vin-rose-domaine-du-batailler\/","url":"https:\/\/domainedugrandbatailler.fr\/en\/produit\/vin-rose-domaine-du-batailler\/","name":"Domaine du grand Batailler - Ros\u00e9 wine - Domaine du grand batailler","isPartOf":{"@id":"https:\/\/domainedugrandbatailler.fr\/en\/#website"},"primaryImageOfPage":{"@id":"https:\/\/domainedugrandbatailler.fr\/en\/produit\/vin-rose-domaine-du-batailler\/#primaryimage"},"image":{"@id":"https:\/\/domainedugrandbatailler.fr\/en\/produit\/vin-rose-domaine-du-batailler\/#primaryimage"},"thumbnailUrl":"https:\/\/domainedugrandbatailler.fr\/wp-content\/uploads\/2024\/05\/Domaine-du-batailler-bouteille-vin-rose-003-copie.webp","datePublished":"2024-01-22T22:03:15+00:00","dateModified":"2024-05-29T17:10:21+00:00","breadcrumb":{"@id":"https:\/\/domainedugrandbatailler.fr\/en\/produit\/vin-rose-domaine-du-batailler\/#breadcrumb"},"inLanguage":"en-US","potentialAction":[{"@type":"ReadAction","target":["https:\/\/domainedugrandbatailler.fr\/en\/produit\/vin-rose-domaine-du-batailler\/"]}]},{"@type":"ImageObject","inLanguage":"en-US","@id":"https:\/\/domainedugrandbatailler.fr\/en\/produit\/vin-rose-domaine-du-batailler\/#primaryimage","url":"https:\/\/domainedugrandbatailler.fr\/wp-content\/uploads\/2024\/05\/Domaine-du-batailler-bouteille-vin-rose-003-copie.webp","contentUrl":"https:\/\/domainedugrandbatailler.fr\/wp-content\/uploads\/2024\/05\/Domaine-du-batailler-bouteille-vin-rose-003-copie.webp","width":1200,"height":1800},{"@type":"BreadcrumbList","@id":"https:\/\/domainedugrandbatailler.fr\/en\/produit\/vin-rose-domaine-du-batailler\/#breadcrumb","itemListElement":[{"@type":"ListItem","position":1,"name":"Accueil","item":"https:\/\/domainedugrandbatailler.fr\/en\/"},{"@type":"ListItem","position":2,"name":"Shop","item":"https:\/\/domainedugrandbatailler.fr\/en\/shop\/"},{"@type":"ListItem","position":3,"name":"Domaine du grand Batailler &#8211; Ros\u00e9 wine"}]},{"@type":"WebSite","@id":"https:\/\/domainedugrandbatailler.fr\/en\/#website","url":"https:\/\/domainedugrandbatailler.fr\/en\/","name":"Domaine du grand batailler","description":"Domaine viticole familiale Borm\u00e9en","publisher":{"@id":"https:\/\/domainedugrandbatailler.fr\/en\/#organization"},"potentialAction":[{"@type":"SearchAction","target":{"@type":"EntryPoint","urlTemplate":"https:\/\/domainedugrandbatailler.fr\/en\/?s={search_term_string}"},"query-input":{"@type":"PropertyValueSpecification","valueRequired":true,"valueName":"search_term_string"}}],"inLanguage":"en-US"},{"@type":"Organization","@id":"https:\/\/domainedugrandbatailler.fr\/en\/#organization","name":"Domaine du grand batailler","url":"https:\/\/domainedugrandbatailler.fr\/en\/","logo":{"@type":"ImageObject","inLanguage":"en-US","@id":"https:\/\/domainedugrandbatailler.fr\/en\/#\/schema\/logo\/image\/","url":"https:\/\/domainedugrandbatailler.fr\/wp-content\/uploads\/2021\/10\/Domaine-Grand-Batailler-logo-003-svg.svg","contentUrl":"https:\/\/domainedugrandbatailler.fr\/wp-content\/uploads\/2021\/10\/Domaine-Grand-Batailler-logo-003-svg.svg","caption":"Domaine du grand batailler"},"image":{"@id":"https:\/\/domainedugrandbatailler.fr\/en\/#\/schema\/logo\/image\/"}}]}},"_links":{"self":[{"href":"https:\/\/domainedugrandbatailler.fr\/en\/wp-json\/wp\/v2\/product\/21012","targetHints":{"allow":["GET"]}}],"collection":[{"href":"https:\/\/domainedugrandbatailler.fr\/en\/wp-json\/wp\/v2\/product"}],"about":[{"href":"https:\/\/domainedugrandbatailler.fr\/en\/wp-json\/wp\/v2\/types\/product"}],"replies":[{"embeddable":true,"href":"https:\/\/domainedugrandbatailler.fr\/en\/wp-json\/wp\/v2\/comments?post=21012"}],"wp:featuredmedia":[{"embeddable":true,"href":"https:\/\/domainedugrandbatailler.fr\/en\/wp-json\/wp\/v2\/media\/25632"}],"wp:attachment":[{"href":"https:\/\/domainedugrandbatailler.fr\/en\/wp-json\/wp\/v2\/media?parent=21012"}],"wp:term":[{"taxonomy":"product_brand","embeddable":true,"href":"https:\/\/domainedugrandbatailler.fr\/en\/wp-json\/wp\/v2\/product_brand?post=21012"},{"taxonomy":"product_cat","embeddable":true,"href":"https:\/\/domainedugrandbatailler.fr\/en\/wp-json\/wp\/v2\/product_cat?post=21012"},{"taxonomy":"product_tag","embeddable":true,"href":"https:\/\/domainedugrandbatailler.fr\/en\/wp-json\/wp\/v2\/product_tag?post=21012"}],"curies":[{"name":"wp","href":"https:\/\/api.w.org\/{rel}","templated":true}]}}